{"id":4421,"date":"2023-12-15T10:11:05","date_gmt":"2023-12-15T08:11:05","guid":{"rendered":"https:\/\/revelatio.ro\/blog\/?page_id=4421"},"modified":"2025-02-13T09:31:10","modified_gmt":"2025-02-13T07:31:10","slug":"tehnici-si-metode-de-echilibrare-energetica","status":"publish","type":"page","link":"https:\/\/revelatio.ro\/blog\/cursuri\/tehnici-si-metode-de-echilibrare-energetica\/","title":{"rendered":"Vindecare emotionala si echilibru personal"},"content":{"rendered":"\n<!DOCTYPE html>\n<html lang=\"ro\">\n<head>\n    <meta charset=\"UTF-8\">\n    <meta name=\"viewport\" content=\"width=device-width, initial-scale=1.0\">\n    <title>Formular Colectare Date<\/title>\n    <style>\n        bodyy {\n            font-family: sans-serif;\n            background-color: #f4f4f4;\n            display: flex;\n            justify-content: center;\n            align-items: center;\n            min-height: 100vh;\n            margin: 0;\n        }\n\n        form {\n            background-color: #fff;\n            padding: 20px;\n            border-radius: 8px;\n            box-shadow: 0 2px 5px rgba(0, 0, 0, 0.1);\n            width: 90%;\n        }\n\n        fieldset {\n            border: none;\n            padding: 0;\n            margin: 0;\n        }\n\n        legend {\n            font-size: 1.9em;\n            font-weight: bold;\n            margin-bottom: 10px;\n            padding: 0 10px;\n            background-color: #424242;\n            color: #eceff1;\n            border-radius: 5px;\n        }\n\n        .question-box {\n            border: 1px solid #ccc;\n            padding: 15px;\n            margin-bottom: 15px;\n            border-radius: 5px;\n            background-color: #f9f9f9; \/* Un fundal u\u0219or diferit *\/\n        }\n\n        label {\n            display: block;\n            margin-bottom: 5px;\n            font-weight: bold;\n        }\n\n        input[type=\"text\"],\n        input[type=\"email\"] {\n            width: calc(100% - 12px);\n            padding: 8px;\n            margin-bottom: 10px;\n            border: 1px solid #ccc;\n            border-radius: 4px;\n            box-sizing: border-box;\n        }\n\n        input[type=\"image\"] {\n            cursor: pointer;\n            border: none;\n            border-radius: 5px;\n            max-width: 100%;\n            height: auto;\n        }\n\n        .bftpro-form-group {\n            margin-bottom: 10px;\n        }\n\n        .bftpro-form-group label {\n            margin-bottom: 0;\n        }\n\n        .bftpro-form-group input[type=\"text\"] {\n            width: calc(50% - 12px);\n            display: inline-block;\n            margin-right: 10px;\n        }\n\n        .bftpro-form-group input[type=\"hidden\"] {\n            display: none;\n        }\n\n        .error {\n            color: red;\n            font-size: smaller;\n        }\n\n        input[type=\"submit\"] {\n            background-color: #007bff;\n            color: white;\n            padding: 10px 15px;\n            border: none;\n            border-radius: 13px;\n            cursor: pointer;\n        }\n\n        input[type=\"submit\"]:hover {\n            background-color: #0056b3;\n        }\n\t\t\n\t\t.submit-button {\n    background-color: #007bff; \/* Culoarea principal\u0103 a formularului *\/\n    color: white;\n    padding: 10px 15px;\n    border: none;\n    border-radius: 13px;\n    cursor: pointer;\n    width: 100%; \/* Ocup\u0103 toat\u0103 l\u0103\u021bimea containerului *\/\n    transition: background-color 0.3s ease; \/* Tranzi\u021bie la hover *\/\n\tfont-size: 20px;\n}\n\n.submit-button:hover {\n    background-color: #0056b3; \/* Culoare mai \u00eenchis\u0103 la hover *\/\n}\n    <\/style>\n<\/head>\n<bodyy>\n\n<form method=\"post\" enctype=\"multipart\/form-data\" onsubmit=\"return validateBFTProUser(this,false);\" action=\"https:\/\/revelatio.ro\/blog\/\">\n    <img data-recalc-dims=\"1\" decoding=\"async\" src=\"https:\/\/i0.wp.com\/revelatio.ro\/blog\/wp-content\/uploads\/2025\/02\/Echilibru-energetic.png?w=750&#038;ssl=1\" >\n\t<fieldset>\n        <legend>De ce m-ar interesa acest lucru si cu ce ma ajuta pe mine?<\/legend>\n\t\t\nPentru ca echilibrarea si armonizarea energetica a corpurilor, plus curatarea campului personal energetic, abordeaza un aspect holistic al vindecarii nu doar emotiale ci si al organelor fizice.<br>\n<b>Completeaza chestionarul <\/b> si trimite-l, pentru a primi Pdf-ul <br><b>Armonie si echilibru energetic<\/b>,<br> direct in emailul tau.<br><br>\n\n        <div class=\"question-box\">\n            <label for=\"field_19\">*1. Care este cea mai mare provocare a ta atunci c\u00e2nd \u00eencerci s\u0103 te apropii de cineva?:<\/label>\n            <input type=\"text\" id=\"field_19\" name=\"field_19\" required>\n            <input type='hidden' name='required_fields[]' value='field_19'>\n        <\/div>\n\n        <div class=\"question-box\">\n            <label for=\"field_20\">*2. Care este cea mai mare dorin\u021b\u0103 a ta \u00een leg\u0103tur\u0103 cu relatiile sau relatia ta?:<\/label>\n            <input type=\"text\" id=\"field_20\" name=\"field_20\" required>\n            <input type='hidden' name='required_fields[]' value='field_20'>\n        <\/div>\n\n        <div class=\"question-box\">\n            <label for=\"field_21\">*3. Ce ai \u00eencercat s\u0103 faci p\u00e2n\u0103 acum? Ce a mers, ce nu a mers?:<\/label>\n            <input type=\"text\" id=\"field_21\" name=\"field_21\" required>\n            <input type='hidden' name='required_fields[]' value='field_21'>\n        <\/div>\n\n        <div class=\"question-box\">\n            <label for=\"field_39\">4. Ce obiectiv ai \u00een urm\u0103toarele 6 luni de zile \u00een leg\u0103tur\u0103 cu starea ta sociala? Ce \u021bi-ai dori s\u0103 ob\u021bii?:<\/label>\n            <input type=\"text\" id=\"field_39\" name=\"field_39\">\n        <\/div>\n\n        <div class=\"question-box\">\n            <label for=\"email\">Care este *Emailul unde vrei sa primesti pdf-ul:<\/label>\n            <input type=\"email\" id=\"email\" name=\"email\" required>\n            <input type='hidden' name='required_fields[]' value='email'>\n        <\/div>\n\n        <div class=\"question-box\">\n            <label for=\"bftpro_name\">Imi poti lasa numele tau? Nu este obligatoriu dar e util :):<\/label>\n            <input type=\"text\" id=\"bftpro_name\" name=\"bftpro_name\">\n        <\/div>\n\n        <div class=\"question-box\">\n            <label for=\"field_18\">Daca imi lasi si nr tau de Telefon poti primi notificari pe whatapp cu noutati. Nu este obligatoriu, dar este necesar \ud83d\ude42 :<\/label>\n            <input type=\"text\" id=\"field_18\" name=\"field_18\">\n        <\/div>\n\n        <div class=\"question-box bftpro-form-group\">\n            <label for=\"bftpro_text_captcha_answer\">Doar o mica verificare pentru a demonstra ca NU ESTI ROBOT.<br>Focul este rece sau cald?<\/label>\n            <input type='text' id=\"bftpro_text_captcha_answer\" name='bftpro_text_captcha_answer' required>\n            <input type='hidden' name='bftpro_text_captcha_question' value=\"Rm9jdWwgZXN0ZSByZWNlIHNhdSBjYWxkPw==\">\n        <\/div>\n\n        \n\t\t<div class=\"form-group\">\n    <input type=\"submit\" value=\"Trimite-mi materialul\" class=\"submit-button\">\n<\/div>\n\n    <\/fieldset>\n\n    <input type=\"hidden\" name=\"bftpro_subscribe\" value=\"1\">\n    <input type=\"hidden\" name=\"list_id\" value=\"10\">\n    <input type=\"hidden\" name=\"required_fields[]\" value=\"\">\n\n<\/form>\n\n<script type=\"text\/javascript\">\n    function validateBFTProUser(frm, requireName) {\n        \/\/ ... (codul tau de validare)\n    }\n<\/script>\n\n<\/bodyy>\n<\/html>\n","protected":false},"excerpt":{"rendered":"<p>Formular Colectare Date De ce m-ar interesa acest lucru si cu ce ma ajuta pe mine? Pentru ca echilibrarea si &hellip; <\/p>\n","protected":false},"author":1,"featured_media":0,"parent":9,"menu_order":0,"comment_status":"open","ping_status":"closed","template":"","meta":{"advanced_seo_description":"","jetpack_seo_html_title":"","jetpack_seo_noindex":false,"jetpack_post_was_ever_published":false,"footnotes":""},"class_list":["post-4421","page","type-page","status-publish","hentry"],"jetpack_sharing_enabled":true,"jetpack_likes_enabled":true,"jetpack-related-posts":[],"jetpack_shortlink":"https:\/\/wp.me\/PchPsj-19j","post_mailing_queue_ids":[],"_links":{"self":[{"href":"https:\/\/revelatio.ro\/blog\/wp-json\/wp\/v2\/pages\/4421"}],"collection":[{"href":"https:\/\/revelatio.ro\/blog\/wp-json\/wp\/v2\/pages"}],"about":[{"href":"https:\/\/revelatio.ro\/blog\/wp-json\/wp\/v2\/types\/page"}],"author":[{"embeddable":true,"href":"https:\/\/revelatio.ro\/blog\/wp-json\/wp\/v2\/users\/1"}],"replies":[{"embeddable":true,"href":"https:\/\/revelatio.ro\/blog\/wp-json\/wp\/v2\/comments?post=4421"}],"version-history":[{"count":36,"href":"https:\/\/revelatio.ro\/blog\/wp-json\/wp\/v2\/pages\/4421\/revisions"}],"predecessor-version":[{"id":7428,"href":"https:\/\/revelatio.ro\/blog\/wp-json\/wp\/v2\/pages\/4421\/revisions\/7428"}],"up":[{"embeddable":true,"href":"https:\/\/revelatio.ro\/blog\/wp-json\/wp\/v2\/pages\/9"}],"wp:attachment":[{"href":"https:\/\/revelatio.ro\/blog\/wp-json\/wp\/v2\/media?parent=4421"}],"curies":[{"name":"wp","href":"https:\/\/api.w.org\/{rel}","templated":true}]}}